{"id":1378,"date":"2025-10-18T09:36:59","date_gmt":"2025-10-18T13:36:59","guid":{"rendered":"https:\/\/nationalcherryblossomfestival.org\/empleos\/"},"modified":"2026-03-12T14:26:29","modified_gmt":"2026-03-12T18:26:29","slug":"empleos","status":"publish","type":"page","link":"https:\/\/nationalcherryblossomfestival.org\/es\/empleos\/","title":{"rendered":"Empleos"},"content":{"rendered":"\t\t<div data-elementor-type=\"wp-page\" data-elementor-id=\"1378\" class=\"elementor elementor-1378 elementor-789\" data-elementor-post-type=\"page\">\n\t\t\t\t<div class=\"elementor-element elementor-element-25e7e78 e-flex e-con-boxed e-con e-parent\" data-id=\"25e7e78\" data-element_type=\"container\" data-e-type=\"container\" data-settings=\"{&quot;background_background&quot;:&quot;classic&quot;}\">\n\t\t\t\t\t<div class=\"e-con-inner\">\n\t\t<div class=\"elementor-element elementor-element-e2cfe17 e-con-full e-flex e-con e-child\" data-id=\"e2cfe17\" data-element_type=\"container\" data-e-type=\"container\">\n\t\t\t\t<div class=\"elementor-element elementor-element-a47b910 elementor-widget elementor-widget-heading\" data-id=\"a47b910\" data-element_type=\"widget\" data-e-type=\"widget\" data-widget_type=\"heading.default\">\n\t\t\t\t<div class=\"elementor-widget-container\">\n\t\t\t\t\t<h2 class=\"elementor-heading-title elementor-size-default\">\u00danete a nuestro equipo<\/h2>\t\t\t\t<\/div>\n\t\t\t\t<\/div>\n\t\t\t\t<\/div>\n\t\t\t\t\t<\/div>\n\t\t\t\t<\/div>\n\t\t<div class=\"elementor-element elementor-element-4105730 e-flex e-con-boxed e-con e-parent\" data-id=\"4105730\" data-element_type=\"container\" data-e-type=\"container\" data-settings=\"{&quot;background_background&quot;:&quot;classic&quot;}\">\n\t\t\t\t\t<div class=\"e-con-inner\">\n\t\t<div class=\"elementor-element elementor-element-74e4e3f e-con-full e-flex e-con e-child\" data-id=\"74e4e3f\" data-element_type=\"container\" data-e-type=\"container\">\n\t\t<div class=\"elementor-element elementor-element-fea7947 e-con-full e-flex e-con e-child\" data-id=\"fea7947\" data-element_type=\"container\" data-e-type=\"container\">\n\t\t\t\t<div class=\"elementor-element elementor-element-b2b1990 elementor-widget elementor-widget-heading\" data-id=\"b2b1990\" data-element_type=\"widget\" data-e-type=\"widget\" data-widget_type=\"heading.default\">\n\t\t\t\t<div class=\"elementor-widget-container\">\n\t\t\t\t\t<h1 class=\"elementor-heading-title elementor-size-default\">Puestos vacantes<\/h1>\t\t\t\t<\/div>\n\t\t\t\t<\/div>\n\t\t\t\t<div class=\"elementor-element elementor-element-1a0f581 elementor-widget elementor-widget-text-editor\" data-id=\"1a0f581\" data-element_type=\"widget\" data-e-type=\"widget\" data-widget_type=\"text-editor.default\">\n\t\t\t\t<div class=\"elementor-widget-container\">\n\t\t\t\t\t\t\t\t\t<p>\u00danase a un equipo apasionado dedicado a celebrar la primavera y la diversidad cultural en Washington, DC.<\/p>\t\t\t\t\t\t\t\t<\/div>\n\t\t\t\t<\/div>\n\t\t\t\t<\/div>\n\t\t\t\t<div class=\"elementor-element elementor-element-65dac0e elementor-widget elementor-widget-text-editor\" data-id=\"65dac0e\" data-element_type=\"widget\" data-e-type=\"widget\" data-widget_type=\"text-editor.default\">\n\t\t\t\t<div class=\"elementor-widget-container\">\n\t\t\t\t\t\t\t\t\t<p>No hay vacantes ahora mismo; Vuelve pronto<\/p>\t\t\t\t\t\t\t\t<\/div>\n\t\t\t\t<\/div>\n\t\t\t\t<\/div>\n\t\t\t\t\t<\/div>\n\t\t\t\t<\/div>\n\t\t<div class=\"elementor-element elementor-element-52f715e e-flex e-con-boxed e-con e-parent\" data-id=\"52f715e\" data-element_type=\"container\" data-e-type=\"container\">\n\t\t\t\t\t<div class=\"e-con-inner\">\n\t\t<div class=\"elementor-element elementor-element-8c4e725 e-flex e-con-boxed e-con e-child\" data-id=\"8c4e725\" data-element_type=\"container\" data-e-type=\"container\" data-settings=\"{&quot;background_background&quot;:&quot;classic&quot;}\">\n\t\t\t\t\t<div class=\"e-con-inner\">\n\t\t<div class=\"elementor-element elementor-element-48e03d2 e-flex e-con-boxed e-con e-child\" data-id=\"48e03d2\" data-element_type=\"container\" data-e-type=\"container\" data-settings=\"{&quot;background_background&quot;:&quot;classic&quot;}\">\n\t\t\t\t\t<div class=\"e-con-inner\">\n\t\t\t\t<div class=\"elementor-element elementor-element-bb7526f elementor-widget elementor-widget-heading\" data-id=\"bb7526f\" data-element_type=\"widget\" data-e-type=\"widget\" data-widget_type=\"heading.default\">\n\t\t\t\t<div class=\"elementor-widget-container\">\n\t\t\t\t\t<h2 class=\"elementor-heading-title elementor-size-default\">Pr\u00e1cticas<\/h2>\t\t\t\t<\/div>\n\t\t\t\t<\/div>\n\t\t\t\t<div class=\"elementor-element elementor-element-7b47751 elementor-widget elementor-widget-text-editor\" data-id=\"7b47751\" data-element_type=\"widget\" data-e-type=\"widget\" data-widget_type=\"text-editor.default\">\n\t\t\t\t<div class=\"elementor-widget-container\">\n\t\t\t\t\t\t\t\t\t<p>Las pr\u00e1cticas de primavera de 2026 ya est\u00e1n cubiertas. Para futuras oportunidades, vuelve a consultar regularmente, suscr\u00edbete a nuestros correos electr\u00f3nicos y s\u00edguenos en redes sociales para conocer las \u00faltimas novedades. <\/p>\t\t\t\t\t\t\t\t<\/div>\n\t\t\t\t<\/div>\n\t\t\t\t\t<\/div>\n\t\t\t\t<\/div>\n\t\t\t\t\t<\/div>\n\t\t\t\t<\/div>\n\t\t\t\t\t<\/div>\n\t\t\t\t<\/div>\n\t\t\t\t<\/div>\n\t\t","protected":false},"excerpt":{"rendered":"<p>\u00danete a nuestro equipo Puestos vacantes \u00danase a un equipo apasionado dedicado a celebrar la primavera y la diversidad cultural en Washington, DC. No hay vacantes ahora mismo; Vuelve pronto [&hellip;]<\/p>\n","protected":false},"author":4,"featured_media":14554,"parent":0,"menu_order":0,"comment_status":"closed","ping_status":"closed","template":"","meta":{"_acf_changed":false,"footnotes":""},"class_list":["post-1378","page","type-page","status-publish","has-post-thumbnail","hentry"],"acf":[],"yoast_head":"<!-- This site is optimized with the Yoast SEO Premium plugin v27.5 (Yoast SEO v27.5) - https:\/\/yoast.com\/product\/yoast-seo-premium-wordpress\/ -->\n<title>Empleos en el Festival Nacional de los Cerezos en Flor<\/title>\n<meta name=\"description\" content=\"Explora oportunidades profesionales en el Festival Nacional de los Cerezos en Flor. \u00danete a nuestro equipo y ayuda a dar vida al evento primaveral m\u00e1s importante de DC.\" \/>\n<meta name=\"robots\" content=\"index, follow, max-snippet:-1, max-image-preview:large, max-video-preview:-1\" \/>\n<link rel=\"canonical\" href=\"https:\/\/nationalcherryblossomfestival.org\/es\/empleos\/\" \/>\n<meta property=\"og:locale\" content=\"es_ES\" \/>\n<meta property=\"og:type\" content=\"article\" \/>\n<meta property=\"og:title\" content=\"Empleos\" \/>\n<meta property=\"og:description\" content=\"Explora oportunidades profesionales en el Festival Nacional de los Cerezos en Flor. \u00danete a nuestro equipo y ayuda a dar vida al evento primaveral m\u00e1s importante de DC.\" \/>\n<meta property=\"og:url\" content=\"https:\/\/nationalcherryblossomfestival.org\/es\/empleos\/\" \/>\n<meta property=\"og:site_name\" content=\"National Cherry Blossom Festival\" \/>\n<meta property=\"article:publisher\" content=\"https:\/\/www.facebook.com\/CherryBlossomFestival\" \/>\n<meta property=\"article:modified_time\" content=\"2026-03-12T18:26:29+00:00\" \/>\n<meta property=\"og:image\" content=\"https:\/\/nationalcherryblossomfestival.org\/wp-content\/uploads\/2026\/02\/Menu.png\" \/>\n\t<meta property=\"og:image:width\" content=\"500\" \/>\n\t<meta property=\"og:image:height\" content=\"500\" \/>\n\t<meta property=\"og:image:type\" content=\"image\/png\" \/>\n<meta name=\"twitter:card\" content=\"summary_large_image\" \/>\n<meta name=\"twitter:site\" content=\"@CherryBlossFest\" \/>\n<script type=\"application\/ld+json\" class=\"yoast-schema-graph\">{\"@context\":\"https:\\\/\\\/schema.org\",\"@graph\":[{\"@type\":\"WebPage\",\"@id\":\"https:\\\/\\\/nationalcherryblossomfestival.org\\\/es\\\/empleos\\\/\",\"url\":\"https:\\\/\\\/nationalcherryblossomfestival.org\\\/es\\\/empleos\\\/\",\"name\":\"Empleos en el Festival Nacional de los Cerezos en Flor\",\"isPartOf\":{\"@id\":\"https:\\\/\\\/nationalcherryblossomfestival.org\\\/es\\\/#website\"},\"primaryImageOfPage\":{\"@id\":\"https:\\\/\\\/nationalcherryblossomfestival.org\\\/es\\\/empleos\\\/#primaryimage\"},\"image\":{\"@id\":\"https:\\\/\\\/nationalcherryblossomfestival.org\\\/es\\\/empleos\\\/#primaryimage\"},\"thumbnailUrl\":\"https:\\\/\\\/nationalcherryblossomfestival.org\\\/wp-content\\\/uploads\\\/2026\\\/02\\\/Menu.png\",\"datePublished\":\"2025-10-18T13:36:59+00:00\",\"dateModified\":\"2026-03-12T18:26:29+00:00\",\"description\":\"Explora oportunidades profesionales en el Festival Nacional de los Cerezos en Flor. \u00danete a nuestro equipo y ayuda a dar vida al evento primaveral m\u00e1s importante de DC.\",\"breadcrumb\":{\"@id\":\"https:\\\/\\\/nationalcherryblossomfestival.org\\\/es\\\/empleos\\\/#breadcrumb\"},\"inLanguage\":\"es\",\"potentialAction\":[{\"@type\":\"ReadAction\",\"target\":[\"https:\\\/\\\/nationalcherryblossomfestival.org\\\/es\\\/empleos\\\/\"]}]},{\"@type\":\"ImageObject\",\"inLanguage\":\"es\",\"@id\":\"https:\\\/\\\/nationalcherryblossomfestival.org\\\/es\\\/empleos\\\/#primaryimage\",\"url\":\"https:\\\/\\\/nationalcherryblossomfestival.org\\\/wp-content\\\/uploads\\\/2026\\\/02\\\/Menu.png\",\"contentUrl\":\"https:\\\/\\\/nationalcherryblossomfestival.org\\\/wp-content\\\/uploads\\\/2026\\\/02\\\/Menu.png\",\"width\":500,\"height\":500},{\"@type\":\"BreadcrumbList\",\"@id\":\"https:\\\/\\\/nationalcherryblossomfestival.org\\\/es\\\/empleos\\\/#breadcrumb\",\"itemListElement\":[{\"@type\":\"ListItem\",\"position\":1,\"name\":\"Inicio\",\"item\":\"https:\\\/\\\/nationalcherryblossomfestival.org\\\/es\\\/inicio\\\/\"},{\"@type\":\"ListItem\",\"position\":2,\"name\":\"Empleos\"}]},{\"@type\":\"WebSite\",\"@id\":\"https:\\\/\\\/nationalcherryblossomfestival.org\\\/es\\\/#website\",\"url\":\"https:\\\/\\\/nationalcherryblossomfestival.org\\\/es\\\/\",\"name\":\"National Cherry Blossom Festival\",\"description\":\"\",\"publisher\":{\"@id\":\"https:\\\/\\\/nationalcherryblossomfestival.org\\\/es\\\/#organization\"},\"potentialAction\":[{\"@type\":\"SearchAction\",\"target\":{\"@type\":\"EntryPoint\",\"urlTemplate\":\"https:\\\/\\\/nationalcherryblossomfestival.org\\\/es\\\/?s={search_term_string}\"},\"query-input\":{\"@type\":\"PropertyValueSpecification\",\"valueRequired\":true,\"valueName\":\"search_term_string\"}}],\"inLanguage\":\"es\"},{\"@type\":\"Organization\",\"@id\":\"https:\\\/\\\/nationalcherryblossomfestival.org\\\/es\\\/#organization\",\"name\":\"Festival Nacional de los Cerezos en Flor\",\"url\":\"https:\\\/\\\/nationalcherryblossomfestival.org\\\/es\\\/\",\"logo\":{\"@type\":\"ImageObject\",\"inLanguage\":\"es\",\"@id\":\"https:\\\/\\\/nationalcherryblossomfestival.org\\\/es\\\/#\\\/schema\\\/logo\\\/image\\\/\",\"url\":\"https:\\\/\\\/nationalcherryblossomfestival.org\\\/wp-content\\\/uploads\\\/2025\\\/10\\\/ncbf-logo-mobile-menu.svg\",\"contentUrl\":\"https:\\\/\\\/nationalcherryblossomfestival.org\\\/wp-content\\\/uploads\\\/2025\\\/10\\\/ncbf-logo-mobile-menu.svg\",\"width\":214,\"height\":60,\"caption\":\"Festival Nacional de los Cerezos en Flor\"},\"image\":{\"@id\":\"https:\\\/\\\/nationalcherryblossomfestival.org\\\/es\\\/#\\\/schema\\\/logo\\\/image\\\/\"},\"sameAs\":[\"https:\\\/\\\/www.facebook.com\\\/CherryBlossomFestival\",\"https:\\\/\\\/x.com\\\/CherryBlossFest\",\"https:\\\/\\\/www.instagram.com\\\/cherryblossfest\",\"https:\\\/\\\/www.youtube.com\\\/user\\\/NatlCherryBlossomFes\\\/\",\"https:\\\/\\\/www.linkedin.com\\\/company\\\/national-cherry-blossom-festival\"]}]}<\/script>\n<!-- \/ Yoast SEO Premium plugin. -->","yoast_head_json":{"title":"Empleos en el Festival Nacional de los Cerezos en Flor","description":"Explora oportunidades profesionales en el Festival Nacional de los Cerezos en Flor. \u00danete a nuestro equipo y ayuda a dar vida al evento primaveral m\u00e1s importante de DC.","robots":{"index":"index","follow":"follow","max-snippet":"max-snippet:-1","max-image-preview":"max-image-preview:large","max-video-preview":"max-video-preview:-1"},"canonical":"https:\/\/nationalcherryblossomfestival.org\/es\/empleos\/","og_locale":"es_ES","og_type":"article","og_title":"Empleos","og_description":"Explora oportunidades profesionales en el Festival Nacional de los Cerezos en Flor. \u00danete a nuestro equipo y ayuda a dar vida al evento primaveral m\u00e1s importante de DC.","og_url":"https:\/\/nationalcherryblossomfestival.org\/es\/empleos\/","og_site_name":"National Cherry Blossom Festival","article_publisher":"https:\/\/www.facebook.com\/CherryBlossomFestival","article_modified_time":"2026-03-12T18:26:29+00:00","og_image":[{"width":500,"height":500,"url":"https:\/\/nationalcherryblossomfestival.org\/wp-content\/uploads\/2026\/02\/Menu.png","type":"image\/png"}],"twitter_card":"summary_large_image","twitter_site":"@CherryBlossFest","schema":{"@context":"https:\/\/schema.org","@graph":[{"@type":"WebPage","@id":"https:\/\/nationalcherryblossomfestival.org\/es\/empleos\/","url":"https:\/\/nationalcherryblossomfestival.org\/es\/empleos\/","name":"Empleos en el Festival Nacional de los Cerezos en Flor","isPartOf":{"@id":"https:\/\/nationalcherryblossomfestival.org\/es\/#website"},"primaryImageOfPage":{"@id":"https:\/\/nationalcherryblossomfestival.org\/es\/empleos\/#primaryimage"},"image":{"@id":"https:\/\/nationalcherryblossomfestival.org\/es\/empleos\/#primaryimage"},"thumbnailUrl":"https:\/\/nationalcherryblossomfestival.org\/wp-content\/uploads\/2026\/02\/Menu.png","datePublished":"2025-10-18T13:36:59+00:00","dateModified":"2026-03-12T18:26:29+00:00","description":"Explora oportunidades profesionales en el Festival Nacional de los Cerezos en Flor. \u00danete a nuestro equipo y ayuda a dar vida al evento primaveral m\u00e1s importante de DC.","breadcrumb":{"@id":"https:\/\/nationalcherryblossomfestival.org\/es\/empleos\/#breadcrumb"},"inLanguage":"es","potentialAction":[{"@type":"ReadAction","target":["https:\/\/nationalcherryblossomfestival.org\/es\/empleos\/"]}]},{"@type":"ImageObject","inLanguage":"es","@id":"https:\/\/nationalcherryblossomfestival.org\/es\/empleos\/#primaryimage","url":"https:\/\/nationalcherryblossomfestival.org\/wp-content\/uploads\/2026\/02\/Menu.png","contentUrl":"https:\/\/nationalcherryblossomfestival.org\/wp-content\/uploads\/2026\/02\/Menu.png","width":500,"height":500},{"@type":"BreadcrumbList","@id":"https:\/\/nationalcherryblossomfestival.org\/es\/empleos\/#breadcrumb","itemListElement":[{"@type":"ListItem","position":1,"name":"Inicio","item":"https:\/\/nationalcherryblossomfestival.org\/es\/inicio\/"},{"@type":"ListItem","position":2,"name":"Empleos"}]},{"@type":"WebSite","@id":"https:\/\/nationalcherryblossomfestival.org\/es\/#website","url":"https:\/\/nationalcherryblossomfestival.org\/es\/","name":"National Cherry Blossom Festival","description":"","publisher":{"@id":"https:\/\/nationalcherryblossomfestival.org\/es\/#organization"},"potentialAction":[{"@type":"SearchAction","target":{"@type":"EntryPoint","urlTemplate":"https:\/\/nationalcherryblossomfestival.org\/es\/?s={search_term_string}"},"query-input":{"@type":"PropertyValueSpecification","valueRequired":true,"valueName":"search_term_string"}}],"inLanguage":"es"},{"@type":"Organization","@id":"https:\/\/nationalcherryblossomfestival.org\/es\/#organization","name":"Festival Nacional de los Cerezos en Flor","url":"https:\/\/nationalcherryblossomfestival.org\/es\/","logo":{"@type":"ImageObject","inLanguage":"es","@id":"https:\/\/nationalcherryblossomfestival.org\/es\/#\/schema\/logo\/image\/","url":"https:\/\/nationalcherryblossomfestival.org\/wp-content\/uploads\/2025\/10\/ncbf-logo-mobile-menu.svg","contentUrl":"https:\/\/nationalcherryblossomfestival.org\/wp-content\/uploads\/2025\/10\/ncbf-logo-mobile-menu.svg","width":214,"height":60,"caption":"Festival Nacional de los Cerezos en Flor"},"image":{"@id":"https:\/\/nationalcherryblossomfestival.org\/es\/#\/schema\/logo\/image\/"},"sameAs":["https:\/\/www.facebook.com\/CherryBlossomFestival","https:\/\/x.com\/CherryBlossFest","https:\/\/www.instagram.com\/cherryblossfest","https:\/\/www.youtube.com\/user\/NatlCherryBlossomFes\/","https:\/\/www.linkedin.com\/company\/national-cherry-blossom-festival"]}]}},"jetpack_sharing_enabled":true,"_links":{"self":[{"href":"https:\/\/nationalcherryblossomfestival.org\/es\/wp-json\/wp\/v2\/pages\/1378","targetHints":{"allow":["GET"]}}],"collection":[{"href":"https:\/\/nationalcherryblossomfestival.org\/es\/wp-json\/wp\/v2\/pages"}],"about":[{"href":"https:\/\/nationalcherryblossomfestival.org\/es\/wp-json\/wp\/v2\/types\/page"}],"author":[{"embeddable":true,"href":"https:\/\/nationalcherryblossomfestival.org\/es\/wp-json\/wp\/v2\/users\/4"}],"replies":[{"embeddable":true,"href":"https:\/\/nationalcherryblossomfestival.org\/es\/wp-json\/wp\/v2\/comments?post=1378"}],"version-history":[{"count":0,"href":"https:\/\/nationalcherryblossomfestival.org\/es\/wp-json\/wp\/v2\/pages\/1378\/revisions"}],"wp:featuredmedia":[{"embeddable":true,"href":"https:\/\/nationalcherryblossomfestival.org\/es\/wp-json\/wp\/v2\/media\/14554"}],"wp:attachment":[{"href":"https:\/\/nationalcherryblossomfestival.org\/es\/wp-json\/wp\/v2\/media?parent=1378"}],"curies":[{"name":"wp","href":"https:\/\/api.w.org\/{rel}","templated":true}]}}