{"id":1513,"date":"2025-10-18T11:08:12","date_gmt":"2025-10-18T15:08:12","guid":{"rendered":"https:\/\/nationalcherryblossomfestival.org\/participantes-del-hotel\/"},"modified":"2026-03-12T14:38:27","modified_gmt":"2026-03-12T18:38:27","slug":"participantes-del-hotel","status":"publish","type":"page","link":"https:\/\/nationalcherryblossomfestival.org\/es\/participantes-del-hotel\/","title":{"rendered":"\u00danete al Programa de Hoteles"},"content":{"rendered":"\t\t<div data-elementor-type=\"wp-page\" data-elementor-id=\"1513\" class=\"elementor elementor-1513 elementor-1010\" data-elementor-post-type=\"page\">\n\t\t\t\t<div class=\"elementor-element elementor-element-291a350 e-flex e-con-boxed e-con e-parent\" data-id=\"291a350\" data-element_type=\"container\" data-e-type=\"container\" data-settings=\"{&quot;background_background&quot;:&quot;classic&quot;}\">\n\t\t\t\t\t<div class=\"e-con-inner\">\n\t\t<div class=\"elementor-element elementor-element-de9199f e-con-full e-flex e-con e-child\" data-id=\"de9199f\" data-element_type=\"container\" data-e-type=\"container\">\n\t\t\t\t<div class=\"elementor-element elementor-element-f9d8eac elementor-widget__width-initial elementor-widget-mobile__width-initial elementor-widget elementor-widget-heading\" data-id=\"f9d8eac\" data-element_type=\"widget\" data-e-type=\"widget\" data-widget_type=\"heading.default\">\n\t\t\t\t<div class=\"elementor-widget-container\">\n\t\t\t\t\t<h1 class=\"elementor-heading-title elementor-size-default\">Convi\u00e9rtete en un hotel participante<\/h1>\t\t\t\t<\/div>\n\t\t\t\t<\/div>\n\t\t\t\t<\/div>\n\t\t\t\t\t<\/div>\n\t\t\t\t<\/div>\n\t\t<div class=\"elementor-element elementor-element-b44c062 e-flex e-con-boxed e-con e-parent\" data-id=\"b44c062\" data-element_type=\"container\" data-e-type=\"container\">\n\t\t\t\t\t<div class=\"e-con-inner\">\n\t\t<div class=\"elementor-element elementor-element-e03f7eb e-flex e-con-boxed e-con e-child\" data-id=\"e03f7eb\" data-element_type=\"container\" data-e-type=\"container\" data-settings=\"{&quot;background_background&quot;:&quot;classic&quot;}\">\n\t\t\t\t\t<div class=\"e-con-inner\">\n\t\t<div class=\"elementor-element elementor-element-0ea492b e-flex e-con-boxed e-con e-child\" data-id=\"0ea492b\" data-element_type=\"container\" data-e-type=\"container\" data-settings=\"{&quot;background_background&quot;:&quot;classic&quot;}\">\n\t\t\t\t\t<div class=\"e-con-inner\">\n\t\t\t\t<div class=\"elementor-element elementor-element-4675c19 elementor-widget elementor-widget-heading\" data-id=\"4675c19\" data-element_type=\"widget\" data-e-type=\"widget\" data-widget_type=\"heading.default\">\n\t\t\t\t<div class=\"elementor-widget-container\">\n\t\t\t\t\t<h4 class=\"elementor-heading-title elementor-size-default\">\u00danase a la exclusiva red hotelera del Festival Nacional de los Cerezos en Flor y convi\u00e9rtase en una parte clave del evento de primavera m\u00e1s famoso de Washington.<\/h4>\t\t\t\t<\/div>\n\t\t\t\t<\/div>\n\t\t\t\t<div class=\"elementor-element elementor-element-a12288b elementor-widget elementor-widget-text-editor\" data-id=\"a12288b\" data-element_type=\"widget\" data-e-type=\"widget\" data-widget_type=\"text-editor.default\">\n\t\t\t\t<div class=\"elementor-widget-container\">\n\t\t\t\t\t\t\t\t\t<p>El Festival Nacional de los Cerezos en Flor busca hoteles de la zona para <span class=\"NormalTextRun SCXW100561472 BCX0\">participar<\/span><span class=\"NormalTextRun SCXW100561472 BCX0\">  en su Programa de Hoteles. Como parte del programa, los hoteles participantes se promocionan en la p\u00e1gina web del Festival Nacional de los Cerezos en Flor y en otras plataformas durante la   <\/span><span class=\"NormalTextRun ContextualSpellingAndGrammarErrorV2Themed SCXW100561472 BCX0\"><span class=\"NormalTextRun SCXW100561472 BCX0\"> Celebraciones del festival, del 20 de marzo al 12 de abril de 2026. <\/span><\/span> <\/p><p>Para m\u00e1s informaci\u00f3n<span class=\"NormalTextRun SCXW91530590 BCX0\"> <\/span><span class=\"NormalTextRun SCXW91530590 BCX0\">sobre<\/span><span class=\"NormalTextRun SCXW91530590 BCX0\"><span class=\"NormalTextRun SCXW91530590 BCX0\"> el programa hotelero, env\u00eda un correo electr\u00f3nico a Livv Billington: <a class=\"c-link\" href=\"mailto:Lbillington@ncbfdc.org\" target=\"_blank\" rel=\"noopener noreferrer\" data-stringify-link=\"mailto:Lbillington@ncbf.org\" data-sk=\"tooltip_parent\" aria-haspopup=\"menu\">Lbillington@ncbfdc.org<\/a> <\/span><\/span> <\/p>\t\t\t\t\t\t\t\t<\/div>\n\t\t\t\t<\/div>\n\t\t\t\t\t<\/div>\n\t\t\t\t<\/div>\n\t\t\t\t\t<\/div>\n\t\t\t\t<\/div>\n\t\t\t\t\t<\/div>\n\t\t\t\t<\/div>\n\t\t\t\t<\/div>\n\t\t","protected":false},"excerpt":{"rendered":"<p>Convi\u00e9rtete en un hotel participante \u00danase a la exclusiva red hotelera del Festival Nacional de los Cerezos en Flor y convi\u00e9rtase en una parte clave del evento de primavera m\u00e1s [&hellip;]<\/p>\n","protected":false},"author":4,"featured_media":0,"parent":0,"menu_order":0,"comment_status":"closed","ping_status":"closed","template":"","meta":{"_acf_changed":false,"footnotes":""},"class_list":["post-1513","page","type-page","status-publish","hentry"],"acf":[],"yoast_head":"<!-- This site is optimized with the Yoast SEO Premium plugin v27.5 (Yoast SEO v27.5) - https:\/\/yoast.com\/product\/yoast-seo-premium-wordpress\/ -->\n<title>Asociaci\u00f3n Hotelera \u2013 Festival de los Cerezos en Flor DC<\/title>\n<meta name=\"description\" content=\"\u00danete al programa hotelero del Festival de los Cerezos en Flor. Llega a los visitantes del Festival que planean su estancia primaveral en DC y aumenta tus reservas esta temporada.\" \/>\n<meta name=\"robots\" content=\"index, follow, max-snippet:-1, max-image-preview:large, max-video-preview:-1\" \/>\n<link rel=\"canonical\" href=\"https:\/\/nationalcherryblossomfestival.org\/es\/participantes-del-hotel\/\" \/>\n<meta property=\"og:locale\" content=\"es_ES\" \/>\n<meta property=\"og:type\" content=\"article\" \/>\n<meta property=\"og:title\" content=\"\u00danete al Programa de Hoteles\" \/>\n<meta property=\"og:description\" content=\"\u00danete al programa hotelero del Festival de los Cerezos en Flor. Llega a los visitantes del Festival que planean su estancia primaveral en DC y aumenta tus reservas esta temporada.\" \/>\n<meta property=\"og:url\" content=\"https:\/\/nationalcherryblossomfestival.org\/es\/participantes-del-hotel\/\" \/>\n<meta property=\"og:site_name\" content=\"National Cherry Blossom Festival\" \/>\n<meta property=\"article:publisher\" content=\"https:\/\/www.facebook.com\/CherryBlossomFestival\" \/>\n<meta property=\"article:modified_time\" content=\"2026-03-12T18:38:27+00:00\" \/>\n<meta name=\"twitter:card\" content=\"summary_large_image\" \/>\n<meta name=\"twitter:site\" content=\"@CherryBlossFest\" \/>\n<meta name=\"twitter:label1\" content=\"Tiempo de lectura\" \/>\n\t<meta name=\"twitter:data1\" content=\"1 minuto\" \/>\n<script type=\"application\/ld+json\" class=\"yoast-schema-graph\">{\"@context\":\"https:\\\/\\\/schema.org\",\"@graph\":[{\"@type\":\"WebPage\",\"@id\":\"https:\\\/\\\/nationalcherryblossomfestival.org\\\/es\\\/participantes-del-hotel\\\/\",\"url\":\"https:\\\/\\\/nationalcherryblossomfestival.org\\\/es\\\/participantes-del-hotel\\\/\",\"name\":\"Asociaci\u00f3n Hotelera \u2013 Festival de los Cerezos en Flor DC\",\"isPartOf\":{\"@id\":\"https:\\\/\\\/nationalcherryblossomfestival.org\\\/es\\\/#website\"},\"datePublished\":\"2025-10-18T15:08:12+00:00\",\"dateModified\":\"2026-03-12T18:38:27+00:00\",\"description\":\"\u00danete al programa hotelero del Festival de los Cerezos en Flor. Llega a los visitantes del Festival que planean su estancia primaveral en DC y aumenta tus reservas esta temporada.\",\"breadcrumb\":{\"@id\":\"https:\\\/\\\/nationalcherryblossomfestival.org\\\/es\\\/participantes-del-hotel\\\/#breadcrumb\"},\"inLanguage\":\"es\",\"potentialAction\":[{\"@type\":\"ReadAction\",\"target\":[\"https:\\\/\\\/nationalcherryblossomfestival.org\\\/es\\\/participantes-del-hotel\\\/\"]}]},{\"@type\":\"BreadcrumbList\",\"@id\":\"https:\\\/\\\/nationalcherryblossomfestival.org\\\/es\\\/participantes-del-hotel\\\/#breadcrumb\",\"itemListElement\":[{\"@type\":\"ListItem\",\"position\":1,\"name\":\"Inicio\",\"item\":\"https:\\\/\\\/nationalcherryblossomfestival.org\\\/es\\\/inicio\\\/\"},{\"@type\":\"ListItem\",\"position\":2,\"name\":\"\u00danete al Programa de Hoteles\"}]},{\"@type\":\"WebSite\",\"@id\":\"https:\\\/\\\/nationalcherryblossomfestival.org\\\/es\\\/#website\",\"url\":\"https:\\\/\\\/nationalcherryblossomfestival.org\\\/es\\\/\",\"name\":\"National Cherry Blossom Festival\",\"description\":\"\",\"publisher\":{\"@id\":\"https:\\\/\\\/nationalcherryblossomfestival.org\\\/es\\\/#organization\"},\"potentialAction\":[{\"@type\":\"SearchAction\",\"target\":{\"@type\":\"EntryPoint\",\"urlTemplate\":\"https:\\\/\\\/nationalcherryblossomfestival.org\\\/es\\\/?s={search_term_string}\"},\"query-input\":{\"@type\":\"PropertyValueSpecification\",\"valueRequired\":true,\"valueName\":\"search_term_string\"}}],\"inLanguage\":\"es\"},{\"@type\":\"Organization\",\"@id\":\"https:\\\/\\\/nationalcherryblossomfestival.org\\\/es\\\/#organization\",\"name\":\"Festival Nacional de los Cerezos en Flor\",\"url\":\"https:\\\/\\\/nationalcherryblossomfestival.org\\\/es\\\/\",\"logo\":{\"@type\":\"ImageObject\",\"inLanguage\":\"es\",\"@id\":\"https:\\\/\\\/nationalcherryblossomfestival.org\\\/es\\\/#\\\/schema\\\/logo\\\/image\\\/\",\"url\":\"https:\\\/\\\/nationalcherryblossomfestival.org\\\/wp-content\\\/uploads\\\/2025\\\/10\\\/ncbf-logo-mobile-menu.svg\",\"contentUrl\":\"https:\\\/\\\/nationalcherryblossomfestival.org\\\/wp-content\\\/uploads\\\/2025\\\/10\\\/ncbf-logo-mobile-menu.svg\",\"width\":214,\"height\":60,\"caption\":\"Festival Nacional de los Cerezos en Flor\"},\"image\":{\"@id\":\"https:\\\/\\\/nationalcherryblossomfestival.org\\\/es\\\/#\\\/schema\\\/logo\\\/image\\\/\"},\"sameAs\":[\"https:\\\/\\\/www.facebook.com\\\/CherryBlossomFestival\",\"https:\\\/\\\/x.com\\\/CherryBlossFest\",\"https:\\\/\\\/www.instagram.com\\\/cherryblossfest\",\"https:\\\/\\\/www.youtube.com\\\/user\\\/NatlCherryBlossomFes\\\/\",\"https:\\\/\\\/www.linkedin.com\\\/company\\\/national-cherry-blossom-festival\"]}]}<\/script>\n<!-- \/ Yoast SEO Premium plugin. -->","yoast_head_json":{"title":"Asociaci\u00f3n Hotelera \u2013 Festival de los Cerezos en Flor DC","description":"\u00danete al programa hotelero del Festival de los Cerezos en Flor. Llega a los visitantes del Festival que planean su estancia primaveral en DC y aumenta tus reservas esta temporada.","robots":{"index":"index","follow":"follow","max-snippet":"max-snippet:-1","max-image-preview":"max-image-preview:large","max-video-preview":"max-video-preview:-1"},"canonical":"https:\/\/nationalcherryblossomfestival.org\/es\/participantes-del-hotel\/","og_locale":"es_ES","og_type":"article","og_title":"\u00danete al Programa de Hoteles","og_description":"\u00danete al programa hotelero del Festival de los Cerezos en Flor. Llega a los visitantes del Festival que planean su estancia primaveral en DC y aumenta tus reservas esta temporada.","og_url":"https:\/\/nationalcherryblossomfestival.org\/es\/participantes-del-hotel\/","og_site_name":"National Cherry Blossom Festival","article_publisher":"https:\/\/www.facebook.com\/CherryBlossomFestival","article_modified_time":"2026-03-12T18:38:27+00:00","twitter_card":"summary_large_image","twitter_site":"@CherryBlossFest","twitter_misc":{"Tiempo de lectura":"1 minuto"},"schema":{"@context":"https:\/\/schema.org","@graph":[{"@type":"WebPage","@id":"https:\/\/nationalcherryblossomfestival.org\/es\/participantes-del-hotel\/","url":"https:\/\/nationalcherryblossomfestival.org\/es\/participantes-del-hotel\/","name":"Asociaci\u00f3n Hotelera \u2013 Festival de los Cerezos en Flor DC","isPartOf":{"@id":"https:\/\/nationalcherryblossomfestival.org\/es\/#website"},"datePublished":"2025-10-18T15:08:12+00:00","dateModified":"2026-03-12T18:38:27+00:00","description":"\u00danete al programa hotelero del Festival de los Cerezos en Flor. Llega a los visitantes del Festival que planean su estancia primaveral en DC y aumenta tus reservas esta temporada.","breadcrumb":{"@id":"https:\/\/nationalcherryblossomfestival.org\/es\/participantes-del-hotel\/#breadcrumb"},"inLanguage":"es","potentialAction":[{"@type":"ReadAction","target":["https:\/\/nationalcherryblossomfestival.org\/es\/participantes-del-hotel\/"]}]},{"@type":"BreadcrumbList","@id":"https:\/\/nationalcherryblossomfestival.org\/es\/participantes-del-hotel\/#breadcrumb","itemListElement":[{"@type":"ListItem","position":1,"name":"Inicio","item":"https:\/\/nationalcherryblossomfestival.org\/es\/inicio\/"},{"@type":"ListItem","position":2,"name":"\u00danete al Programa de Hoteles"}]},{"@type":"WebSite","@id":"https:\/\/nationalcherryblossomfestival.org\/es\/#website","url":"https:\/\/nationalcherryblossomfestival.org\/es\/","name":"National Cherry Blossom Festival","description":"","publisher":{"@id":"https:\/\/nationalcherryblossomfestival.org\/es\/#organization"},"potentialAction":[{"@type":"SearchAction","target":{"@type":"EntryPoint","urlTemplate":"https:\/\/nationalcherryblossomfestival.org\/es\/?s={search_term_string}"},"query-input":{"@type":"PropertyValueSpecification","valueRequired":true,"valueName":"search_term_string"}}],"inLanguage":"es"},{"@type":"Organization","@id":"https:\/\/nationalcherryblossomfestival.org\/es\/#organization","name":"Festival Nacional de los Cerezos en Flor","url":"https:\/\/nationalcherryblossomfestival.org\/es\/","logo":{"@type":"ImageObject","inLanguage":"es","@id":"https:\/\/nationalcherryblossomfestival.org\/es\/#\/schema\/logo\/image\/","url":"https:\/\/nationalcherryblossomfestival.org\/wp-content\/uploads\/2025\/10\/ncbf-logo-mobile-menu.svg","contentUrl":"https:\/\/nationalcherryblossomfestival.org\/wp-content\/uploads\/2025\/10\/ncbf-logo-mobile-menu.svg","width":214,"height":60,"caption":"Festival Nacional de los Cerezos en Flor"},"image":{"@id":"https:\/\/nationalcherryblossomfestival.org\/es\/#\/schema\/logo\/image\/"},"sameAs":["https:\/\/www.facebook.com\/CherryBlossomFestival","https:\/\/x.com\/CherryBlossFest","https:\/\/www.instagram.com\/cherryblossfest","https:\/\/www.youtube.com\/user\/NatlCherryBlossomFes\/","https:\/\/www.linkedin.com\/company\/national-cherry-blossom-festival"]}]}},"jetpack_sharing_enabled":true,"_links":{"self":[{"href":"https:\/\/nationalcherryblossomfestival.org\/es\/wp-json\/wp\/v2\/pages\/1513","targetHints":{"allow":["GET"]}}],"collection":[{"href":"https:\/\/nationalcherryblossomfestival.org\/es\/wp-json\/wp\/v2\/pages"}],"about":[{"href":"https:\/\/nationalcherryblossomfestival.org\/es\/wp-json\/wp\/v2\/types\/page"}],"author":[{"embeddable":true,"href":"https:\/\/nationalcherryblossomfestival.org\/es\/wp-json\/wp\/v2\/users\/4"}],"replies":[{"embeddable":true,"href":"https:\/\/nationalcherryblossomfestival.org\/es\/wp-json\/wp\/v2\/comments?post=1513"}],"version-history":[{"count":0,"href":"https:\/\/nationalcherryblossomfestival.org\/es\/wp-json\/wp\/v2\/pages\/1513\/revisions"}],"wp:attachment":[{"href":"https:\/\/nationalcherryblossomfestival.org\/es\/wp-json\/wp\/v2\/media?parent=1513"}],"curies":[{"name":"wp","href":"https:\/\/api.w.org\/{rel}","templated":true}]}}