{"id":1545,"date":"2025-10-18T11:38:59","date_gmt":"2025-10-18T15:38:59","guid":{"rendered":"https:\/\/nationalcherryblossomfestival.org\/proteja-los-cerezos\/"},"modified":"2026-03-12T14:37:26","modified_gmt":"2026-03-12T18:37:26","slug":"proteja-los-cerezos","status":"publish","type":"page","link":"https:\/\/nationalcherryblossomfestival.org\/es\/proteja-los-cerezos\/","title":{"rendered":"Protege los cerezos"},"content":{"rendered":"\t\t<div data-elementor-type=\"wp-page\" data-elementor-id=\"1545\" class=\"elementor elementor-1545 elementor-1069\" data-elementor-post-type=\"page\">\n\t\t\t\t<div class=\"elementor-element elementor-element-832ecd1 e-flex e-con-boxed e-con e-parent\" data-id=\"832ecd1\" data-element_type=\"container\" data-e-type=\"container\" data-settings=\"{&quot;background_background&quot;:&quot;classic&quot;}\">\n\t\t\t\t\t<div class=\"e-con-inner\">\n\t\t<div class=\"elementor-element elementor-element-f9a6c32 e-con-full e-flex e-con e-child\" data-id=\"f9a6c32\" data-element_type=\"container\" data-e-type=\"container\">\n\t\t\t\t<div class=\"elementor-element elementor-element-9f58235 elementor-widget__width-initial elementor-widget-mobile__width-initial elementor-widget elementor-widget-heading\" data-id=\"9f58235\" data-element_type=\"widget\" data-e-type=\"widget\" data-widget_type=\"heading.default\">\n\t\t\t\t<div class=\"elementor-widget-container\">\n\t\t\t\t\t<h1 class=\"elementor-heading-title elementor-size-default\">Protege los cerezos  <\/h1>\t\t\t\t<\/div>\n\t\t\t\t<\/div>\n\t\t\t\t<\/div>\n\t\t\t\t\t<\/div>\n\t\t\t\t<\/div>\n\t\t<div class=\"elementor-element elementor-element-ba7c104 e-flex e-con-boxed e-con e-parent\" data-id=\"ba7c104\" data-element_type=\"container\" data-e-type=\"container\" data-settings=\"{&quot;background_background&quot;:&quot;classic&quot;}\">\n\t\t\t\t\t<div class=\"e-con-inner\">\n\t\t\t\t<div class=\"elementor-element elementor-element-578bc67 elementor-widget__width-initial elementor-widget-mobile__width-inherit elementor-widget elementor-widget-text-editor\" data-id=\"578bc67\" data-element_type=\"widget\" data-e-type=\"widget\" data-widget_type=\"text-editor.default\">\n\t\t\t\t<div class=\"elementor-widget-container\">\n\t\t\t\t\t\t\t\t\t<p><span class=\"TextRun SCXW73788401 BCX0\" lang=\"EN-US\" data-contrast=\"auto\"><span class=\"NormalTextRun SCXW73788401 BCX0\">El Festival Nacional de los Cerezos en Flor se siente honrado de asociarse con el <\/span><\/span><span class=\"TextRun Underlined SCXW73788401 BCX0\" lang=\"EN-US\" data-contrast=\"none\"><span class=\"NormalTextRun SCXW73788401 BCX0\" data-ccp-charstyle=\"Hyperlink\">Trust for the National Mall<\/span><\/span><span class=\"TextRun SCXW73788401 BCX0\" lang=\"EN-US\" xml:lang=\"EN-US\" data-contrast=\"auto\"><span class=\"NormalTextRun SCXW73788401 BCX0\">Para apoyar el cuidado de los ic\u00f3nicos cerezos y las flores que celebramos cada primavera. El Trust trabaja durante todo el a\u00f1o para concienciar y apoyar econ\u00f3micamente al Servicio de Parques Nacionales para ayudar al Servicio de Parques Nacionales a cuidar los cerezos. Apoya al Trust for the National Mall Cherry Tree Endowment visitando  <\/span><\/span><a class=\"Hyperlink SCXW73788401 BCX0\" href=\"https:\/\/www.bloomcam.org\/\" target=\"_blank\" rel=\"noreferrer noopener\"><span class=\"TextRun Underlined SCXW73788401 BCX0\" lang=\"EN-US\" data-contrast=\"none\"><span class=\"NormalTextRun SCXW73788401 BCX0\" data-ccp-charstyle=\"Hyperlink\">BloomCam.org<\/span><\/span><\/a><span class=\"TextRun SCXW73788401 BCX0\" lang=\"EN-US\" data-contrast=\"auto\"><span class=\"NormalTextRun SCXW73788401 BCX0\"> aprender c\u00f3mo puedes ayudar a que los cerezos sigan prosperando durante generaciones.<\/span><\/span><span class=\"EOP SCXW73788401 BCX0\" data-ccp-props=\"{\"201341983\":0,\"335559685\":720,\"335559738\":120,\"335559739\":0,\"335559740\":240}\"> <\/span><\/p>\t\t\t\t\t\t\t\t<\/div>\n\t\t\t\t<\/div>\n\t\t\t\t\t<\/div>\n\t\t\t\t<\/div>\n\t\t<div class=\"elementor-element elementor-element-6457378 e-flex e-con-boxed e-con e-parent\" data-id=\"6457378\" data-element_type=\"container\" data-e-type=\"container\">\n\t\t\t\t\t<div class=\"e-con-inner\">\n\t\t\t\t<div class=\"elementor-element elementor-element-267a47e elementor-widget elementor-widget-image\" data-id=\"267a47e\" data-element_type=\"widget\" data-e-type=\"widget\" data-widget_type=\"image.default\">\n\t\t\t\t<div class=\"elementor-widget-container\">\n\t\t\t\t\t\t\t\t\t\t\t\t\t\t\t<img fetchpriority=\"high\" decoding=\"async\" width=\"800\" height=\"534\" src=\"data:image\/gif;base64,R0lGODlhAQABAAAAACH5BAEKAAEALAAAAAABAAEAAAICTAEAOw==\" class=\"attachment-large size-large wp-image-6091 lazyload\" alt=\"\" sizes=\"(max-width: 800px) 100vw, 800px\" data-src=\"https:\/\/nationalcherryblossomfestival.org\/wp-content\/uploads\/2025\/11\/PETALPALOOZA2018_0408_135906-7763_ALIVECOVERAGE-1024x683.jpg\" data-srcset=\"https:\/\/nationalcherryblossomfestival.org\/wp-content\/uploads\/2025\/11\/PETALPALOOZA2018_0408_135906-7763_ALIVECOVERAGE-1024x683.jpg 1024w, https:\/\/nationalcherryblossomfestival.org\/wp-content\/uploads\/2025\/11\/PETALPALOOZA2018_0408_135906-7763_ALIVECOVERAGE-300x200.jpg 300w, https:\/\/nationalcherryblossomfestival.org\/wp-content\/uploads\/2025\/11\/PETALPALOOZA2018_0408_135906-7763_ALIVECOVERAGE-768x512.jpg 768w, https:\/\/nationalcherryblossomfestival.org\/wp-content\/uploads\/2025\/11\/PETALPALOOZA2018_0408_135906-7763_ALIVECOVERAGE-1536x1024.jpg 1536w, https:\/\/nationalcherryblossomfestival.org\/wp-content\/uploads\/2025\/11\/PETALPALOOZA2018_0408_135906-7763_ALIVECOVERAGE-2048x1366.jpg 1919w, https:\/\/nationalcherryblossomfestival.org\/wp-content\/uploads\/2025\/11\/PETALPALOOZA2018_0408_135906-7763_ALIVECOVERAGE-scaled.jpg 1920w\">\t\t\t\t\t\t\t\t\t\t\t\t\t\t\t<\/div>\n\t\t\t\t<\/div>\n\t\t\t\t\t<\/div>\n\t\t\t\t<\/div>\n\t\t\t\t<\/div>\n\t\t","protected":false},"excerpt":{"rendered":"<p>Protege los cerezos El Festival Nacional de los Cerezos en Flor se siente honrado de asociarse con el Trust for the National MallPara apoyar el cuidado de los ic\u00f3nicos cerezos [&hellip;]<\/p>\n","protected":false},"author":4,"featured_media":11178,"parent":0,"menu_order":0,"comment_status":"closed","ping_status":"closed","template":"elementor_header_footer","meta":{"_acf_changed":false,"footnotes":""},"class_list":["post-1545","page","type-page","status-publish","has-post-thumbnail","hentry"],"acf":[],"yoast_head":"<!-- This site is optimized with the Yoast SEO Premium plugin v27.5 (Yoast SEO v27.5) - https:\/\/yoast.com\/product\/yoast-seo-premium-wordpress\/ -->\n<title>Protege los cerezos de DC \u2013 Apoya el festival<\/title>\n<meta name=\"description\" content=\"Ayuda a proteger los ic\u00f3nicos cerezos de DC. Apoyad la conservaci\u00f3n a trav\u00e9s del Festival de los Cerezos en Flor y dejad un impacto duradero para las futuras generaciones.\" \/>\n<meta name=\"robots\" content=\"index, follow, max-snippet:-1, max-image-preview:large, max-video-preview:-1\" \/>\n<link rel=\"canonical\" href=\"https:\/\/nationalcherryblossomfestival.org\/es\/proteja-los-cerezos\/\" \/>\n<meta property=\"og:locale\" content=\"es_ES\" \/>\n<meta property=\"og:type\" content=\"article\" \/>\n<meta property=\"og:title\" content=\"Protege los cerezos\" \/>\n<meta property=\"og:description\" content=\"Ayuda a proteger los ic\u00f3nicos cerezos de DC. Apoyad la conservaci\u00f3n a trav\u00e9s del Festival de los Cerezos en Flor y dejad un impacto duradero para las futuras generaciones.\" \/>\n<meta property=\"og:url\" content=\"https:\/\/nationalcherryblossomfestival.org\/es\/proteja-los-cerezos\/\" \/>\n<meta property=\"og:site_name\" content=\"National Cherry Blossom Festival\" \/>\n<meta property=\"article:publisher\" content=\"https:\/\/www.facebook.com\/CherryBlossomFestival\" \/>\n<meta property=\"article:modified_time\" content=\"2026-03-12T18:37:26+00:00\" \/>\n<meta property=\"og:image\" content=\"https:\/\/nationalcherryblossomfestival.org\/wp-content\/uploads\/2026\/01\/Blossom-Watch-Menu.png\" \/>\n\t<meta property=\"og:image:width\" content=\"500\" \/>\n\t<meta property=\"og:image:height\" content=\"500\" \/>\n\t<meta property=\"og:image:type\" content=\"image\/png\" \/>\n<meta name=\"twitter:card\" content=\"summary_large_image\" \/>\n<meta name=\"twitter:site\" content=\"@CherryBlossFest\" \/>\n<script type=\"application\/ld+json\" class=\"yoast-schema-graph\">{\"@context\":\"https:\\\/\\\/schema.org\",\"@graph\":[{\"@type\":\"WebPage\",\"@id\":\"https:\\\/\\\/nationalcherryblossomfestival.org\\\/es\\\/proteja-los-cerezos\\\/\",\"url\":\"https:\\\/\\\/nationalcherryblossomfestival.org\\\/es\\\/proteja-los-cerezos\\\/\",\"name\":\"Protege los cerezos de DC \u2013 Apoya el festival\",\"isPartOf\":{\"@id\":\"https:\\\/\\\/nationalcherryblossomfestival.org\\\/es\\\/#website\"},\"primaryImageOfPage\":{\"@id\":\"https:\\\/\\\/nationalcherryblossomfestival.org\\\/es\\\/proteja-los-cerezos\\\/#primaryimage\"},\"image\":{\"@id\":\"https:\\\/\\\/nationalcherryblossomfestival.org\\\/es\\\/proteja-los-cerezos\\\/#primaryimage\"},\"thumbnailUrl\":\"https:\\\/\\\/nationalcherryblossomfestival.org\\\/wp-content\\\/uploads\\\/2026\\\/01\\\/Blossom-Watch-Menu.png\",\"datePublished\":\"2025-10-18T15:38:59+00:00\",\"dateModified\":\"2026-03-12T18:37:26+00:00\",\"description\":\"Ayuda a proteger los ic\u00f3nicos cerezos de DC. Apoyad la conservaci\u00f3n a trav\u00e9s del Festival de los Cerezos en Flor y dejad un impacto duradero para las futuras generaciones.\",\"breadcrumb\":{\"@id\":\"https:\\\/\\\/nationalcherryblossomfestival.org\\\/es\\\/proteja-los-cerezos\\\/#breadcrumb\"},\"inLanguage\":\"es\",\"potentialAction\":[{\"@type\":\"ReadAction\",\"target\":[\"https:\\\/\\\/nationalcherryblossomfestival.org\\\/es\\\/proteja-los-cerezos\\\/\"]}]},{\"@type\":\"ImageObject\",\"inLanguage\":\"es\",\"@id\":\"https:\\\/\\\/nationalcherryblossomfestival.org\\\/es\\\/proteja-los-cerezos\\\/#primaryimage\",\"url\":\"https:\\\/\\\/nationalcherryblossomfestival.org\\\/wp-content\\\/uploads\\\/2026\\\/01\\\/Blossom-Watch-Menu.png\",\"contentUrl\":\"https:\\\/\\\/nationalcherryblossomfestival.org\\\/wp-content\\\/uploads\\\/2026\\\/01\\\/Blossom-Watch-Menu.png\",\"width\":500,\"height\":500,\"caption\":\"Los visitantes del Festival Nacional de los Cerezos en Flor se re\u00fanen bajo los cerezos en flor cerca del Lincoln Memorial, celebrando la primavera y el patrimonio cultural.\"},{\"@type\":\"BreadcrumbList\",\"@id\":\"https:\\\/\\\/nationalcherryblossomfestival.org\\\/es\\\/proteja-los-cerezos\\\/#breadcrumb\",\"itemListElement\":[{\"@type\":\"ListItem\",\"position\":1,\"name\":\"Inicio\",\"item\":\"https:\\\/\\\/nationalcherryblossomfestival.org\\\/es\\\/inicio\\\/\"},{\"@type\":\"ListItem\",\"position\":2,\"name\":\"Protege los cerezos\"}]},{\"@type\":\"WebSite\",\"@id\":\"https:\\\/\\\/nationalcherryblossomfestival.org\\\/es\\\/#website\",\"url\":\"https:\\\/\\\/nationalcherryblossomfestival.org\\\/es\\\/\",\"name\":\"National Cherry Blossom Festival\",\"description\":\"\",\"publisher\":{\"@id\":\"https:\\\/\\\/nationalcherryblossomfestival.org\\\/es\\\/#organization\"},\"potentialAction\":[{\"@type\":\"SearchAction\",\"target\":{\"@type\":\"EntryPoint\",\"urlTemplate\":\"https:\\\/\\\/nationalcherryblossomfestival.org\\\/es\\\/?s={search_term_string}\"},\"query-input\":{\"@type\":\"PropertyValueSpecification\",\"valueRequired\":true,\"valueName\":\"search_term_string\"}}],\"inLanguage\":\"es\"},{\"@type\":\"Organization\",\"@id\":\"https:\\\/\\\/nationalcherryblossomfestival.org\\\/es\\\/#organization\",\"name\":\"Festival Nacional de los Cerezos en Flor\",\"url\":\"https:\\\/\\\/nationalcherryblossomfestival.org\\\/es\\\/\",\"logo\":{\"@type\":\"ImageObject\",\"inLanguage\":\"es\",\"@id\":\"https:\\\/\\\/nationalcherryblossomfestival.org\\\/es\\\/#\\\/schema\\\/logo\\\/image\\\/\",\"url\":\"https:\\\/\\\/nationalcherryblossomfestival.org\\\/wp-content\\\/uploads\\\/2025\\\/10\\\/ncbf-logo-mobile-menu.svg\",\"contentUrl\":\"https:\\\/\\\/nationalcherryblossomfestival.org\\\/wp-content\\\/uploads\\\/2025\\\/10\\\/ncbf-logo-mobile-menu.svg\",\"width\":214,\"height\":60,\"caption\":\"Festival Nacional de los Cerezos en Flor\"},\"image\":{\"@id\":\"https:\\\/\\\/nationalcherryblossomfestival.org\\\/es\\\/#\\\/schema\\\/logo\\\/image\\\/\"},\"sameAs\":[\"https:\\\/\\\/www.facebook.com\\\/CherryBlossomFestival\",\"https:\\\/\\\/x.com\\\/CherryBlossFest\",\"https:\\\/\\\/www.instagram.com\\\/cherryblossfest\",\"https:\\\/\\\/www.youtube.com\\\/user\\\/NatlCherryBlossomFes\\\/\",\"https:\\\/\\\/www.linkedin.com\\\/company\\\/national-cherry-blossom-festival\"]}]}<\/script>\n<!-- \/ Yoast SEO Premium plugin. -->","yoast_head_json":{"title":"Protege los cerezos de DC \u2013 Apoya el festival","description":"Ayuda a proteger los ic\u00f3nicos cerezos de DC. Apoyad la conservaci\u00f3n a trav\u00e9s del Festival de los Cerezos en Flor y dejad un impacto duradero para las futuras generaciones.","robots":{"index":"index","follow":"follow","max-snippet":"max-snippet:-1","max-image-preview":"max-image-preview:large","max-video-preview":"max-video-preview:-1"},"canonical":"https:\/\/nationalcherryblossomfestival.org\/es\/proteja-los-cerezos\/","og_locale":"es_ES","og_type":"article","og_title":"Protege los cerezos","og_description":"Ayuda a proteger los ic\u00f3nicos cerezos de DC. Apoyad la conservaci\u00f3n a trav\u00e9s del Festival de los Cerezos en Flor y dejad un impacto duradero para las futuras generaciones.","og_url":"https:\/\/nationalcherryblossomfestival.org\/es\/proteja-los-cerezos\/","og_site_name":"National Cherry Blossom Festival","article_publisher":"https:\/\/www.facebook.com\/CherryBlossomFestival","article_modified_time":"2026-03-12T18:37:26+00:00","og_image":[{"width":500,"height":500,"url":"https:\/\/nationalcherryblossomfestival.org\/wp-content\/uploads\/2026\/01\/Blossom-Watch-Menu.png","type":"image\/png"}],"twitter_card":"summary_large_image","twitter_site":"@CherryBlossFest","schema":{"@context":"https:\/\/schema.org","@graph":[{"@type":"WebPage","@id":"https:\/\/nationalcherryblossomfestival.org\/es\/proteja-los-cerezos\/","url":"https:\/\/nationalcherryblossomfestival.org\/es\/proteja-los-cerezos\/","name":"Protege los cerezos de DC \u2013 Apoya el festival","isPartOf":{"@id":"https:\/\/nationalcherryblossomfestival.org\/es\/#website"},"primaryImageOfPage":{"@id":"https:\/\/nationalcherryblossomfestival.org\/es\/proteja-los-cerezos\/#primaryimage"},"image":{"@id":"https:\/\/nationalcherryblossomfestival.org\/es\/proteja-los-cerezos\/#primaryimage"},"thumbnailUrl":"https:\/\/nationalcherryblossomfestival.org\/wp-content\/uploads\/2026\/01\/Blossom-Watch-Menu.png","datePublished":"2025-10-18T15:38:59+00:00","dateModified":"2026-03-12T18:37:26+00:00","description":"Ayuda a proteger los ic\u00f3nicos cerezos de DC. Apoyad la conservaci\u00f3n a trav\u00e9s del Festival de los Cerezos en Flor y dejad un impacto duradero para las futuras generaciones.","breadcrumb":{"@id":"https:\/\/nationalcherryblossomfestival.org\/es\/proteja-los-cerezos\/#breadcrumb"},"inLanguage":"es","potentialAction":[{"@type":"ReadAction","target":["https:\/\/nationalcherryblossomfestival.org\/es\/proteja-los-cerezos\/"]}]},{"@type":"ImageObject","inLanguage":"es","@id":"https:\/\/nationalcherryblossomfestival.org\/es\/proteja-los-cerezos\/#primaryimage","url":"https:\/\/nationalcherryblossomfestival.org\/wp-content\/uploads\/2026\/01\/Blossom-Watch-Menu.png","contentUrl":"https:\/\/nationalcherryblossomfestival.org\/wp-content\/uploads\/2026\/01\/Blossom-Watch-Menu.png","width":500,"height":500,"caption":"Los visitantes del Festival Nacional de los Cerezos en Flor se re\u00fanen bajo los cerezos en flor cerca del Lincoln Memorial, celebrando la primavera y el patrimonio cultural."},{"@type":"BreadcrumbList","@id":"https:\/\/nationalcherryblossomfestival.org\/es\/proteja-los-cerezos\/#breadcrumb","itemListElement":[{"@type":"ListItem","position":1,"name":"Inicio","item":"https:\/\/nationalcherryblossomfestival.org\/es\/inicio\/"},{"@type":"ListItem","position":2,"name":"Protege los cerezos"}]},{"@type":"WebSite","@id":"https:\/\/nationalcherryblossomfestival.org\/es\/#website","url":"https:\/\/nationalcherryblossomfestival.org\/es\/","name":"National Cherry Blossom Festival","description":"","publisher":{"@id":"https:\/\/nationalcherryblossomfestival.org\/es\/#organization"},"potentialAction":[{"@type":"SearchAction","target":{"@type":"EntryPoint","urlTemplate":"https:\/\/nationalcherryblossomfestival.org\/es\/?s={search_term_string}"},"query-input":{"@type":"PropertyValueSpecification","valueRequired":true,"valueName":"search_term_string"}}],"inLanguage":"es"},{"@type":"Organization","@id":"https:\/\/nationalcherryblossomfestival.org\/es\/#organization","name":"Festival Nacional de los Cerezos en Flor","url":"https:\/\/nationalcherryblossomfestival.org\/es\/","logo":{"@type":"ImageObject","inLanguage":"es","@id":"https:\/\/nationalcherryblossomfestival.org\/es\/#\/schema\/logo\/image\/","url":"https:\/\/nationalcherryblossomfestival.org\/wp-content\/uploads\/2025\/10\/ncbf-logo-mobile-menu.svg","contentUrl":"https:\/\/nationalcherryblossomfestival.org\/wp-content\/uploads\/2025\/10\/ncbf-logo-mobile-menu.svg","width":214,"height":60,"caption":"Festival Nacional de los Cerezos en Flor"},"image":{"@id":"https:\/\/nationalcherryblossomfestival.org\/es\/#\/schema\/logo\/image\/"},"sameAs":["https:\/\/www.facebook.com\/CherryBlossomFestival","https:\/\/x.com\/CherryBlossFest","https:\/\/www.instagram.com\/cherryblossfest","https:\/\/www.youtube.com\/user\/NatlCherryBlossomFes\/","https:\/\/www.linkedin.com\/company\/national-cherry-blossom-festival"]}]}},"jetpack_sharing_enabled":true,"_links":{"self":[{"href":"https:\/\/nationalcherryblossomfestival.org\/es\/wp-json\/wp\/v2\/pages\/1545","targetHints":{"allow":["GET"]}}],"collection":[{"href":"https:\/\/nationalcherryblossomfestival.org\/es\/wp-json\/wp\/v2\/pages"}],"about":[{"href":"https:\/\/nationalcherryblossomfestival.org\/es\/wp-json\/wp\/v2\/types\/page"}],"author":[{"embeddable":true,"href":"https:\/\/nationalcherryblossomfestival.org\/es\/wp-json\/wp\/v2\/users\/4"}],"replies":[{"embeddable":true,"href":"https:\/\/nationalcherryblossomfestival.org\/es\/wp-json\/wp\/v2\/comments?post=1545"}],"version-history":[{"count":0,"href":"https:\/\/nationalcherryblossomfestival.org\/es\/wp-json\/wp\/v2\/pages\/1545\/revisions"}],"wp:featuredmedia":[{"embeddable":true,"href":"https:\/\/nationalcherryblossomfestival.org\/es\/wp-json\/wp\/v2\/media\/11178"}],"wp:attachment":[{"href":"https:\/\/nationalcherryblossomfestival.org\/es\/wp-json\/wp\/v2\/media?parent=1545"}],"curies":[{"name":"wp","href":"https:\/\/api.w.org\/{rel}","templated":true}]}}